{"id":3096,"date":"2026-01-28T11:22:37","date_gmt":"2026-01-28T14:22:37","guid":{"rendered":"https:\/\/fcgba.com.br\/site\/?page_id=3096"},"modified":"2026-01-28T11:23:06","modified_gmt":"2026-01-28T14:23:06","slug":"nupi-nucleo-de-praticas-interdisiplinares","status":"publish","type":"page","link":"https:\/\/fcgba.com.br\/site\/nupi-nucleo-de-praticas-interdisiplinares\/","title":{"rendered":"NUPI"},"content":{"rendered":"\n<p><strong>NUPI \u2013 N\u00daCLEO DE PR\u00c1TICAS INTERDISIPLINARES<\/strong><\/p>\n\n\n\n<p>O N\u00facleo de Pr\u00e1tica Interdisciplinar-NUPI da FCG nasceu com o prop\u00f3sito de criar novas oportunidades de desenvolvimento acad\u00eamico e profissional para que os alunos de todos os cursos possam adquirir de maneira mais profunda conhecimentos sobre atribui\u00e7\u00f5es da profiss\u00e3o atrav\u00e9s da pr\u00e1xis e tamb\u00e9m desenvolver espirito humanit\u00e1rio.<\/p>\n\n\n\n<p>Tem como objetivo principal associar os conhecimentos te\u00f3ricos \u00e0 pr\u00e1tica profissional, ou seja, o aluno tem a oportunidade de associar os conte\u00fados ensinados nas disciplinas dos cursos \u00e0s a\u00e7\u00f5es pr\u00e1ticas, desenvolvendo potencial e diferencial para a atua\u00e7\u00e3o no mundo do trabalho, de modo que obtenha conhecimentos mais aprofundados para atuar na \u00e1rea de sua forma\u00e7\u00e3o com mais habilidade e compet\u00eancia.<\/p>\n\n\n\n<div data-wp-interactive=\"core\/file\" class=\"wp-block-file\"><object data-wp-bind--hidden=\"!state.hasPdfPreview\" hidden class=\"wp-block-file__embed\" data=\"https:\/\/fcgba.com.br\/site\/wp-content\/uploads\/2025\/10\/REGULAMENTO-NUPI.pdf\" type=\"application\/pdf\" style=\"width:100%;height:600px\" aria-label=\"Incorporado de REGULAMENTO NUPI.\"><\/object><a id=\"wp-block-file--media-12b018ed-f83d-4064-a858-583681560f5e\" href=\"https:\/\/fcgba.com.br\/site\/wp-content\/uploads\/2025\/10\/REGULAMENTO-NUPI.pdf\">REGULAMENTO NUPI<\/a><a href=\"https:\/\/fcgba.com.br\/site\/wp-content\/uploads\/2025\/10\/REGULAMENTO-NUPI.pdf\" class=\"wp-block-file__button wp-element-button\" download aria-describedby=\"wp-block-file--media-12b018ed-f83d-4064-a858-583681560f5e\">Baixar<\/a><\/div>\n","protected":false},"excerpt":{"rendered":"<p>NUPI \u2013 N\u00daCLEO DE PR\u00c1TICAS INTERDISIPLINARES O N\u00facleo de Pr\u00e1tica Interdisciplinar-NUPI da FCG nasceu com o prop\u00f3sito de criar novas oportunidades de desenvolvimento acad\u00eamico e profissional para que os alunos de todos os cursos possam adquirir de maneira mais profunda conhecimentos sobre atribui\u00e7\u00f5es da profiss\u00e3o atrav\u00e9s da pr\u00e1xis e tamb\u00e9m desenvolver espirito humanit\u00e1rio. Tem como [&hellip;]<\/p>\n","protected":false},"author":1,"featured_media":0,"parent":0,"menu_order":0,"comment_status":"closed","ping_status":"closed","template":"","meta":{"_acf_changed":false,"inline_featured_image":false,"footnotes":""},"class_list":["post-3096","page","type-page","status-publish","hentry"],"acf":[],"_links":{"self":[{"href":"https:\/\/fcgba.com.br\/site\/wp-json\/wp\/v2\/pages\/3096","targetHints":{"allow":["GET"]}}],"collection":[{"href":"https:\/\/fcgba.com.br\/site\/wp-json\/wp\/v2\/pages"}],"about":[{"href":"https:\/\/fcgba.com.br\/site\/wp-json\/wp\/v2\/types\/page"}],"author":[{"embeddable":true,"href":"https:\/\/fcgba.com.br\/site\/wp-json\/wp\/v2\/users\/1"}],"replies":[{"embeddable":true,"href":"https:\/\/fcgba.com.br\/site\/wp-json\/wp\/v2\/comments?post=3096"}],"version-history":[{"count":0,"href":"https:\/\/fcgba.com.br\/site\/wp-json\/wp\/v2\/pages\/3096\/revisions"}],"wp:attachment":[{"href":"https:\/\/fcgba.com.br\/site\/wp-json\/wp\/v2\/media?parent=3096"}],"curies":[{"name":"wp","href":"https:\/\/api.w.org\/{rel}","templated":true}]}}