{"id":3093,"date":"2026-01-28T11:21:27","date_gmt":"2026-01-28T14:21:27","guid":{"rendered":"https:\/\/fcgba.com.br\/site\/?page_id=3093"},"modified":"2026-01-28T11:21:41","modified_gmt":"2026-01-28T14:21:41","slug":"nipe-nucleo-de-iniciacao-cientifica-pos-graduacao-e-extensao","status":"publish","type":"page","link":"https:\/\/fcgba.com.br\/site\/nipe-nucleo-de-iniciacao-cientifica-pos-graduacao-e-extensao\/","title":{"rendered":"NIPE"},"content":{"rendered":"\n<p><strong>O N\u00facleo de Inicia\u00e7\u00e3o Cient\u00edfica, P\u00f3s Gradua\u00e7\u00e3o e Extens\u00e3o \u2013 NIPE<\/strong>\u00a0da Faculdade FCG nasceu com o prop\u00f3sito de discutir, sistematizar e produzir conhecimentos sobre temas relevantes que contemplem os cursos oferecidos pela FCG, bem como fomentar a inicia\u00e7\u00e3o a cient\u00edfica, a produ\u00e7\u00e3o e a socializa\u00e7\u00e3o do conhecimento. Al\u00e9m de gerar produ\u00e7\u00e3o cient\u00edfica, organiza-se de forma a permitir o aperfei\u00e7oamento constante das atividades de ensino e extens\u00e3o, de modo a atender as demandas acad\u00eamicas, cient\u00edficas e sociais, a partir da realidade local e regional onde a IES est\u00e1 inserida, contribuindo para o seu desenvolvimento.<\/p>\n\n\n\n<p>O NIPE \u00e9 coordenado por um professor, doutor, e conta com o apoio dos coordenadores de curso e de P\u00f3s Gradua\u00e7\u00e3o, com a participa\u00e7\u00e3o dos professores, alunos, monitores e corpo t\u00e9cnico da Institui\u00e7\u00e3o.<\/p>\n\n\n\n<p>O N\u00facleo de Inicia\u00e7\u00e3o Cientifica, p\u00f3s Gradua\u00e7\u00e3o e Extens\u00e3o-NIPE da FCG, promovem a\u00e7\u00f5es institucionais como: Semin\u00e1rios; F\u00f3runs; Simp\u00f3sio de Integra\u00e7\u00e3o Acad\u00eamica-SINAC; Projeto VIDA SUSTENT\u00c1VEL, desenvolvidos anualmente. Atua tamb\u00e9m com eventos de conte\u00fados espec\u00edficos das \u00e1reas dos cursos, al\u00e9m de desenvolvimento continuo de projetos e programas de Responsabilidade Social.<\/p>\n\n\n\n<div data-wp-interactive=\"core\/file\" class=\"wp-block-file\"><object data-wp-bind--hidden=\"!state.hasPdfPreview\" hidden class=\"wp-block-file__embed\" data=\"https:\/\/fcgba.com.br\/site\/wp-content\/uploads\/2025\/10\/REGULAMENTO-DO-NIPE.pdf\" type=\"application\/pdf\" style=\"width:100%;height:600px\" aria-label=\"Incorporado de REGULAMENTO DO NIPE.\"><\/object><a id=\"wp-block-file--media-a14b8f5a-6754-48ca-936c-d49aedd88c13\" href=\"https:\/\/fcgba.com.br\/site\/wp-content\/uploads\/2025\/10\/REGULAMENTO-DO-NIPE.pdf\">REGULAMENTO DO NIPE<\/a><a href=\"https:\/\/fcgba.com.br\/site\/wp-content\/uploads\/2025\/10\/REGULAMENTO-DO-NIPE.pdf\" class=\"wp-block-file__button wp-element-button\" download aria-describedby=\"wp-block-file--media-a14b8f5a-6754-48ca-936c-d49aedd88c13\">Baixar<\/a><\/div>\n","protected":false},"excerpt":{"rendered":"<p>O N\u00facleo de Inicia\u00e7\u00e3o Cient\u00edfica, P\u00f3s Gradua\u00e7\u00e3o e Extens\u00e3o \u2013 NIPE\u00a0da Faculdade FCG nasceu com o prop\u00f3sito de discutir, sistematizar e produzir conhecimentos sobre temas relevantes que contemplem os cursos oferecidos pela FCG, bem como fomentar a inicia\u00e7\u00e3o a cient\u00edfica, a produ\u00e7\u00e3o e a socializa\u00e7\u00e3o do conhecimento. Al\u00e9m de gerar produ\u00e7\u00e3o cient\u00edfica, organiza-se de forma [&hellip;]<\/p>\n","protected":false},"author":1,"featured_media":0,"parent":0,"menu_order":0,"comment_status":"closed","ping_status":"closed","template":"","meta":{"_acf_changed":false,"inline_featured_image":false,"footnotes":""},"class_list":["post-3093","page","type-page","status-publish","hentry"],"acf":[],"_links":{"self":[{"href":"https:\/\/fcgba.com.br\/site\/wp-json\/wp\/v2\/pages\/3093","targetHints":{"allow":["GET"]}}],"collection":[{"href":"https:\/\/fcgba.com.br\/site\/wp-json\/wp\/v2\/pages"}],"about":[{"href":"https:\/\/fcgba.com.br\/site\/wp-json\/wp\/v2\/types\/page"}],"author":[{"embeddable":true,"href":"https:\/\/fcgba.com.br\/site\/wp-json\/wp\/v2\/users\/1"}],"replies":[{"embeddable":true,"href":"https:\/\/fcgba.com.br\/site\/wp-json\/wp\/v2\/comments?post=3093"}],"version-history":[{"count":0,"href":"https:\/\/fcgba.com.br\/site\/wp-json\/wp\/v2\/pages\/3093\/revisions"}],"wp:attachment":[{"href":"https:\/\/fcgba.com.br\/site\/wp-json\/wp\/v2\/media?parent=3093"}],"curies":[{"name":"wp","href":"https:\/\/api.w.org\/{rel}","templated":true}]}}