{"id":3041,"date":"2026-01-23T16:17:47","date_gmt":"2026-01-23T19:17:47","guid":{"rendered":"https:\/\/fcgba.com.br\/site\/?page_id=3041"},"modified":"2026-01-29T21:30:49","modified_gmt":"2026-01-30T00:30:49","slug":"biblioteca","status":"publish","type":"page","link":"https:\/\/fcgba.com.br\/site\/biblioteca\/","title":{"rendered":"Biblioteca"},"content":{"rendered":"\n<p>A Biblioteca D\u00e1rio Loureiro Guimar\u00e3es da Faculdade tem o seu acervo constitu\u00eddo de monografias (livros), peri\u00f3dicos especializados, nacionais e estrangeiros, obras de refer\u00eancia, materiais audiovisuais, bases de dados, folhetos, teses, disserta\u00e7\u00f5es. Obedece a uma pol\u00edtica de qualifica\u00e7\u00e3o e amplia\u00e7\u00e3o na ordem de 10% a cada semestre, a fim de acompanhar o n\u00edvel de implanta\u00e7\u00e3o do curso, \u00e0 demanda e atualiza\u00e7\u00e3o de literatura.<\/p>\n","protected":false},"excerpt":{"rendered":"<p>A Biblioteca D\u00e1rio Loureiro Guimar\u00e3es da Faculdade tem o seu acervo constitu\u00eddo de monografias (livros), peri\u00f3dicos especializados, nacionais e estrangeiros, obras de refer\u00eancia, materiais audiovisuais, bases de dados, folhetos, teses, disserta\u00e7\u00f5es. Obedece a uma pol\u00edtica de qualifica\u00e7\u00e3o e amplia\u00e7\u00e3o na ordem de 10% a cada semestre, a fim de acompanhar o n\u00edvel de implanta\u00e7\u00e3o do [&hellip;]<\/p>\n","protected":false},"author":1,"featured_media":0,"parent":0,"menu_order":0,"comment_status":"closed","ping_status":"closed","template":"","meta":{"_acf_changed":false,"inline_featured_image":false,"footnotes":""},"class_list":["post-3041","page","type-page","status-publish","hentry"],"acf":[],"_links":{"self":[{"href":"https:\/\/fcgba.com.br\/site\/wp-json\/wp\/v2\/pages\/3041","targetHints":{"allow":["GET"]}}],"collection":[{"href":"https:\/\/fcgba.com.br\/site\/wp-json\/wp\/v2\/pages"}],"about":[{"href":"https:\/\/fcgba.com.br\/site\/wp-json\/wp\/v2\/types\/page"}],"author":[{"embeddable":true,"href":"https:\/\/fcgba.com.br\/site\/wp-json\/wp\/v2\/users\/1"}],"replies":[{"embeddable":true,"href":"https:\/\/fcgba.com.br\/site\/wp-json\/wp\/v2\/comments?post=3041"}],"version-history":[{"count":0,"href":"https:\/\/fcgba.com.br\/site\/wp-json\/wp\/v2\/pages\/3041\/revisions"}],"wp:attachment":[{"href":"https:\/\/fcgba.com.br\/site\/wp-json\/wp\/v2\/media?parent=3041"}],"curies":[{"name":"wp","href":"https:\/\/api.w.org\/{rel}","templated":true}]}}