{"id":23,"date":"2025-09-29T18:02:45","date_gmt":"2025-09-29T21:02:45","guid":{"rendered":"https:\/\/fcgba.com.br\/site\/?page_id=23"},"modified":"2026-01-13T13:00:13","modified_gmt":"2026-01-13T16:00:13","slug":"contato","status":"publish","type":"page","link":"https:\/\/fcgba.com.br\/site\/contato\/","title":{"rendered":"Contato"},"content":{"rendered":"\n<p>Precisa de ajuda ou tem alguma d\u00favida? Entre em contato com nossa equipe pelos telefones dispon\u00edveis ou preencha o formul\u00e1rio para enviar sua mensagem por e-mail. Estamos prontos para atender voc\u00ea e oferecer o suporte necess\u00e1rio.<\/p>\n","protected":false},"excerpt":{"rendered":"<p>Precisa de ajuda ou tem alguma d\u00favida? Entre em contato com nossa equipe pelos telefones dispon\u00edveis ou preencha o formul\u00e1rio para enviar sua mensagem por e-mail. Estamos prontos para atender voc\u00ea e oferecer o suporte necess\u00e1rio.<\/p>\n","protected":false},"author":1,"featured_media":0,"parent":0,"menu_order":0,"comment_status":"closed","ping_status":"closed","template":"","meta":{"_acf_changed":false,"inline_featured_image":false,"footnotes":""},"class_list":["post-23","page","type-page","status-publish","hentry"],"acf":[],"_links":{"self":[{"href":"https:\/\/fcgba.com.br\/site\/wp-json\/wp\/v2\/pages\/23","targetHints":{"allow":["GET"]}}],"collection":[{"href":"https:\/\/fcgba.com.br\/site\/wp-json\/wp\/v2\/pages"}],"about":[{"href":"https:\/\/fcgba.com.br\/site\/wp-json\/wp\/v2\/types\/page"}],"author":[{"embeddable":true,"href":"https:\/\/fcgba.com.br\/site\/wp-json\/wp\/v2\/users\/1"}],"replies":[{"embeddable":true,"href":"https:\/\/fcgba.com.br\/site\/wp-json\/wp\/v2\/comments?post=23"}],"version-history":[{"count":0,"href":"https:\/\/fcgba.com.br\/site\/wp-json\/wp\/v2\/pages\/23\/revisions"}],"wp:attachment":[{"href":"https:\/\/fcgba.com.br\/site\/wp-json\/wp\/v2\/media?parent=23"}],"curies":[{"name":"wp","href":"https:\/\/api.w.org\/{rel}","templated":true}]}}