{"id":12,"date":"2025-09-29T17:59:52","date_gmt":"2025-09-29T20:59:52","guid":{"rendered":"https:\/\/fcgba.com.br\/site\/?page_id=12"},"modified":"2026-01-13T16:23:33","modified_gmt":"2026-01-13T19:23:33","slug":"fcg","status":"publish","type":"page","link":"https:\/\/fcgba.com.br\/site\/fcg\/","title":{"rendered":"Sobre a FCG"},"content":{"rendered":"\n<p>Com mais de 19 anos de atua\u00e7\u00e3o no Ensino Superior, a Faculdade Capim Grosso (FCG), destaca seu compromisso com a educa\u00e7\u00e3o, promovendo projetos e transforma\u00e7\u00f5es sociais, culturais, educativo, cientifico e desportivo na comunidade onde est\u00e1 inserida. Atualmente recebemos nota 5 no nosso recredenciamento e seguimos em expans\u00e3o acelerada.<\/p>\n\n\n\n<h2 class=\"wp-block-heading\">Nosso <strong>Hist\u00f3rico<\/strong><\/h2>\n\n\n\n<p>A Faculdade nasceu em 2003, com o nome Faculdade de Ci\u00eancias Agr\u00e1rias, Biol\u00f3gicas, Exatas e Sociais-FABES, localizada na Rua Floresta, Bairro Planaltino, Loteamento das Mangueiras, Capim Grosso-Bahia.<\/p>\n\n\n\n<p>A partir de 2009 passou a chamar-se FACULDADE CAPIM GROSSO-FCG (Portaria n\u00ba 1746 de 22\/12\/2009), tem como Mantenedora o INSTITUTO DIAMANTINA DE EDUCA\u00c7\u00c3O \u2013 IDE (portaria n\u00ba 70 de 19\/02\/2013), pessoa jur\u00eddica de direito privado, CNPJ: 13569627\/0001-00. Atualmente a Faculdade FCG oferta os cursos de: Ci\u00eancias Cont\u00e1beis; Administra\u00e7\u00e3o; Pedagogia; Servi\u00e7o Social; e, Engenharia de Produ\u00e7\u00e3o, todos Reconhecidos pelo minist\u00e9rio da Educa\u00e7\u00e3o-MEC.<\/p>\n\n\n\n<h2 class=\"wp-block-heading\">Import\u00e2ncia da <strong>Faculdade Capim Grosso<\/strong><\/h2>\n\n\n\n<p>A Faculdade FCG vem contribuindo com significativos avan\u00e7os no desenvolvimento de Capim Grosso e cidades vizinhas. Est\u00e1 instalada em local privilegiado j\u00e1 que o Munic\u00edpio localiza-se no cruzamento das BR 407 e 324 que fazem a liga\u00e7\u00e3o com a capital do Estado, \u00e9 centralizada no caminho obrigat\u00f3rio de passagem para muitas cidades de lados norte, sul, leste e oeste.<\/p>\n\n\n\n<p>O Munic\u00edpio de Capim Grosso tem popula\u00e7\u00e3o estimada em 31.181 habitantes (IBGE, 2017), a sua principal atividade econ\u00f4mica \u00e9 o com\u00e9rcio e a presta\u00e7\u00e3o de servi\u00e7os, potencial que a torna p\u00f3lo de atra\u00e7\u00e3o regional. Por estar sediada em um munic\u00edpio com localiza\u00e7\u00e3o geogr\u00e1fica favor\u00e1vel, a inser\u00e7\u00e3o regional da Faculdade tem destaque diferenciado, pois possibilita melhor atendimento \u00e0 microrregi\u00e3o, que abrange munic\u00edpios importantes, como Jacobina, Senhor do Bonfim, Gavi\u00e3o, Nova F\u00e1tima, Campo Formoso, S\u00e3o Jos\u00e9, entre outros.<\/p>\n","protected":false},"excerpt":{"rendered":"<p>Com mais de 19 anos de atua\u00e7\u00e3o no Ensino Superior, a Faculdade Capim Grosso (FCG), destaca seu compromisso com a educa\u00e7\u00e3o, promovendo projetos e transforma\u00e7\u00f5es sociais, culturais, educativo, cientifico e desportivo na comunidade onde est\u00e1 inserida. Atualmente recebemos nota 5 no nosso recredenciamento e seguimos em expans\u00e3o acelerada. Nosso Hist\u00f3rico A Faculdade nasceu em 2003, [&hellip;]<\/p>\n","protected":false},"author":1,"featured_media":0,"parent":0,"menu_order":0,"comment_status":"closed","ping_status":"closed","template":"","meta":{"_acf_changed":false,"inline_featured_image":false,"footnotes":""},"class_list":["post-12","page","type-page","status-publish","hentry"],"acf":[],"_links":{"self":[{"href":"https:\/\/fcgba.com.br\/site\/wp-json\/wp\/v2\/pages\/12","targetHints":{"allow":["GET"]}}],"collection":[{"href":"https:\/\/fcgba.com.br\/site\/wp-json\/wp\/v2\/pages"}],"about":[{"href":"https:\/\/fcgba.com.br\/site\/wp-json\/wp\/v2\/types\/page"}],"author":[{"embeddable":true,"href":"https:\/\/fcgba.com.br\/site\/wp-json\/wp\/v2\/users\/1"}],"replies":[{"embeddable":true,"href":"https:\/\/fcgba.com.br\/site\/wp-json\/wp\/v2\/comments?post=12"}],"version-history":[{"count":0,"href":"https:\/\/fcgba.com.br\/site\/wp-json\/wp\/v2\/pages\/12\/revisions"}],"wp:attachment":[{"href":"https:\/\/fcgba.com.br\/site\/wp-json\/wp\/v2\/media?parent=12"}],"curies":[{"name":"wp","href":"https:\/\/api.w.org\/{rel}","templated":true}]}}